{"id":2024,"date":"2024-11-28T15:34:57","date_gmt":"2024-11-28T14:34:57","guid":{"rendered":"https:\/\/comercialpincay.com\/?post_type=product&#038;p=2024"},"modified":"2024-11-28T17:02:14","modified_gmt":"2024-11-28T16:02:14","slug":"amortiguadores","status":"publish","type":"product","link":"https:\/\/comercialpincay.com\/index.php\/product\/amortiguadores\/","title":{"rendered":"Amortiguadores"},"content":{"rendered":"<p class=\"tg-10-padding-p\">Somos el proveedor de L\u00ednea y Servicios Automotrices preferido de mayoristas, minoristas y p\u00fablico en general, por nuestra disponibilidad de productos, variedad y asesor\u00eda de nuestro personal.<\/p>\n","protected":false},"excerpt":{"rendered":"<p class=\"tg-10-padding-p\">Somos el proveedor de L\u00ednea y Servicios Automotrices preferido de mayoristas, minoristas y p\u00fablico en general, por nuestra disponibilidad de productos, variedad y asesor\u00eda de nuestro personal.<\/p>\n","protected":false},"featured_media":2025,"comment_status":"open","ping_status":"closed","template":"","meta":[],"product_cat":[65],"product_tag":[70,69],"class_list":{"0":"post-2024","1":"product","2":"type-product","3":"status-publish","4":"has-post-thumbnail","6":"product_cat-repuestos-automotrices","7":"product_tag-bandas","8":"product_tag-rodillos","10":"first","11":"instock","12":"featured","13":"shipping-taxable","14":"purchasable","15":"product-type-simple"},"_links":{"self":[{"href":"https:\/\/comercialpincay.com\/index.php\/wp-json\/wp\/v2\/product\/2024","targetHints":{"allow":["GET"]}}],"collection":[{"href":"https:\/\/comercialpincay.com\/index.php\/wp-json\/wp\/v2\/product"}],"about":[{"href":"https:\/\/comercialpincay.com\/index.php\/wp-json\/wp\/v2\/types\/product"}],"replies":[{"embeddable":true,"href":"https:\/\/comercialpincay.com\/index.php\/wp-json\/wp\/v2\/comments?post=2024"}],"wp:featuredmedia":[{"embeddable":true,"href":"https:\/\/comercialpincay.com\/index.php\/wp-json\/wp\/v2\/media\/2025"}],"wp:attachment":[{"href":"https:\/\/comercialpincay.com\/index.php\/wp-json\/wp\/v2\/media?parent=2024"}],"wp:term":[{"taxonomy":"product_cat","embeddable":true,"href":"https:\/\/comercialpincay.com\/index.php\/wp-json\/wp\/v2\/product_cat?post=2024"},{"taxonomy":"product_tag","embeddable":true,"href":"https:\/\/comercialpincay.com\/index.php\/wp-json\/wp\/v2\/product_tag?post=2024"}],"curies":[{"name":"wp","href":"https:\/\/api.w.org\/{rel}","templated":true}]}}