{"id":2008,"date":"2024-11-28T14:54:10","date_gmt":"2024-11-28T13:54:10","guid":{"rendered":"https:\/\/comercialpincay.com\/?post_type=product&#038;p=2008"},"modified":"2024-11-28T15:26:12","modified_gmt":"2024-11-28T14:26:12","slug":"filtros","status":"publish","type":"product","link":"https:\/\/comercialpincay.com\/index.php\/product\/filtros\/","title":{"rendered":"Filtros"},"content":{"rendered":"<p class=\"tg-10-padding-p\">Somos el proveedor de L\u00ednea y Servicios Automotrices preferido de mayoristas, minoristas y p\u00fablico en general, por nuestra disponibilidad de productos, variedad y asesor\u00eda de nuestro personal.<\/p>\n","protected":false},"excerpt":{"rendered":"<p class=\"tg-10-padding-p\">Los frenos y el sistema de detenci\u00f3n es uno de los principales elementos activos del veh\u00edculo en materia de seguridad y eficacia en la conducci\u00f3n bajo cualquier circunstancia. Son fundamentales al circular, permitiendo la detenci\u00f3n del veh\u00edculo, pero sufren un desgaste que disminuye su efectividad y que, eventualmente, obliga a su sustituci\u00f3n.<\/p>\n<p class=\"tg-10-padding-p\">Como destacados del sistema figuran pastillas y discos delanteros y traseros, aunque no son los \u00fanicos que sufren desgaste ni los \u00fanicos que obligan a cambios a medida que pasa el tiempo y los kil\u00f3metros.<\/p>\n","protected":false},"featured_media":2009,"comment_status":"open","ping_status":"closed","template":"","meta":[],"product_cat":[64,65],"product_tag":[],"class_list":{"0":"post-2008","1":"product","2":"type-product","3":"status-publish","4":"has-post-thumbnail","6":"product_cat-frenos","7":"product_cat-repuestos-automotrices","9":"first","10":"instock","11":"featured","12":"shipping-taxable","13":"purchasable","14":"product-type-simple"},"_links":{"self":[{"href":"https:\/\/comercialpincay.com\/index.php\/wp-json\/wp\/v2\/product\/2008","targetHints":{"allow":["GET"]}}],"collection":[{"href":"https:\/\/comercialpincay.com\/index.php\/wp-json\/wp\/v2\/product"}],"about":[{"href":"https:\/\/comercialpincay.com\/index.php\/wp-json\/wp\/v2\/types\/product"}],"replies":[{"embeddable":true,"href":"https:\/\/comercialpincay.com\/index.php\/wp-json\/wp\/v2\/comments?post=2008"}],"wp:featuredmedia":[{"embeddable":true,"href":"https:\/\/comercialpincay.com\/index.php\/wp-json\/wp\/v2\/media\/2009"}],"wp:attachment":[{"href":"https:\/\/comercialpincay.com\/index.php\/wp-json\/wp\/v2\/media?parent=2008"}],"wp:term":[{"taxonomy":"product_cat","embeddable":true,"href":"https:\/\/comercialpincay.com\/index.php\/wp-json\/wp\/v2\/product_cat?post=2008"},{"taxonomy":"product_tag","embeddable":true,"href":"https:\/\/comercialpincay.com\/index.php\/wp-json\/wp\/v2\/product_tag?post=2008"}],"curies":[{"name":"wp","href":"https:\/\/api.w.org\/{rel}","templated":true}]}}