{"id":28,"date":"2023-05-15T02:00:44","date_gmt":"2023-05-15T02:00:44","guid":{"rendered":"https:\/\/themeholy.com\/wordpress\/malen\/?page_id=28"},"modified":"2024-11-28T15:44:02","modified_gmt":"2024-11-28T14:44:02","slug":"contacto","status":"publish","type":"page","link":"https:\/\/comercialpincay.com\/index.php\/contacto\/","title":{"rendered":"Contacto"},"content":{"rendered":"\t\t<div data-elementor-type=\"wp-page\" data-elementor-id=\"28\" class=\"elementor elementor-28\">\n\t\t\t\t<div class=\"elementor-element elementor-element-58b29e4 e-flex e-con-boxed e-con e-parent\" data-id=\"58b29e4\" data-element_type=\"container\">\n\t\t\t\t\t<div class=\"e-con-inner\">\n\t\t\r\n\t\t<div class=\"elementor-element elementor-element-adc8d42 elementor-widget elementor-widget-spacer\" data-id=\"adc8d42\" data-element_type=\"widget\" data-widget_type=\"spacer.default\">\n\t\t\t\t<div class=\"elementor-widget-container\">\n\t\t\t\t\t<div class=\"elementor-spacer\">\n\t\t\t<div class=\"elementor-spacer-inner\"><\/div>\n\t\t<\/div>\n\t\t\t\t<\/div>\n\t\t\t\t<\/div>\n\t\t\t\t<div class=\"elementor-element elementor-element-4f9ea72 elementor-widget elementor-widget-malensectiontitle\" data-id=\"4f9ea72\" data-element_type=\"widget\" data-widget_type=\"malensectiontitle.default\">\n\t\t\t\t<div class=\"elementor-widget-container\">\n\t\t\t\t\t<div class=\"title-area text-center\">\r\n\t\t\t\r\n\t\t\t<span class=\"sub-title th-sub\"> estamos siempre cerca de ti <\/span><h2 class=\"sec-title th-title\">Conoce nuestras sucursales,<\/h2><p class=\"th-desc\">Es un gusto para el personal de  Autorepuestos Pincay atender cualquier requerimiento.\n<\/p>\t\t<\/div>\r\n\r\n\t\t\t<\/div>\n\t\t\t\t<\/div>\n\t\t\t\t\t<\/div>\n\t\t\t\t<\/div>\n\t\t<div class=\"elementor-element elementor-element-bcace03 e-flex e-con-boxed e-con e-parent\" data-id=\"bcace03\" data-element_type=\"container\">\n\t\t\t\t\t<div class=\"e-con-inner\">\n\t\t<div class=\"elementor-element elementor-element-ca552dc e-con-full e-flex e-con e-child\" data-id=\"ca552dc\" data-element_type=\"container\">\n\t\t<div class=\"elementor-element elementor-element-4e51636 e-con-full e-flex e-con e-child\" data-id=\"4e51636\" data-element_type=\"container\">\n\t\t\t\t<div class=\"elementor-element elementor-element-037b922 elementor-widget elementor-widget-malensectiontitle\" data-id=\"037b922\" data-element_type=\"widget\" data-widget_type=\"malensectiontitle.default\">\n\t\t\t\t<div class=\"elementor-widget-container\">\n\t\t\t\t\t<div class=\"title-area text-left\">\r\n\t\t\t\r\n\t\t\t<span class=\"sub-title th-sub\">Matriz<\/span><h5 class=\"sec-title th-title\">Basti\u00f3n Popular <\/h5><p class=\"th-desc\">Basti\u00f3n Popular Bloque 2 <br>\nJunto a Gasolinera PDV \n\n<\/p>\t\t<\/div>\r\n\r\n\t\t\t<\/div>\n\t\t\t\t<\/div>\n\t\t\t\t<div class=\"elementor-element elementor-element-d858585 elementor-widget elementor-widget-malencontactinfo\" data-id=\"d858585\" data-element_type=\"widget\" data-widget_type=\"malencontactinfo.default\">\n\t\t\t\t<div class=\"elementor-widget-container\">\n\t\t\t        \t\t\t<div class=\"th-widget-contact style2\">\r\n\t\t\t\t<div class=\"info-box\">\r\n\t\t\t\t\t<div class=\"info-box_icon th-icon\">\r\n\t\t\t\t\t\t<i class=\"fa-light fa-clock\"><\/i>\t\t\t\t\t<\/div>\r\n\t\t\t\t\t<p class=\"info-box_text\">\r\n\t\t\t\t\t\t<span class=\"info-box_label th-label\">Horario de Atenci\u00f3n<\/span>\r\n\t\t\t\t\t\t<span class=\"th-content\">\r\n\t\t\t\t\t\t\tLun-Vie 09:AM-05:PM &lt;br&gt;\nSab-09:AM-02:PM\t\t\t\t\t\t<\/span>\r\n\t\t\t\t\t<\/p>\r\n\t\t\t\t<\/div>\r\n\t\t\t\t<div class=\"info-box\">\r\n\t\t\t\t\t<div class=\"info-box_icon th-icon\">\r\n\t\t\t\t\t\t<i class=\"fa-sharp fa-light fa-phone\"><\/i>\t\t\t\t\t<\/div>\r\n\t\t\t\t\t<p class=\"info-box_text\">\r\n\t\t\t\t\t\t<span class=\"info-box_label th-label\">Tel\u00e9fonos <\/span>\r\n\t\t\t\t\t\t<a class=\"info-box_link th-content\" href=\"tel:+593939908629\">+593939908629<\/a>\r\n\t\t\t\t\t<\/p>\r\n\t\t\t\t<\/div>\r\n\t\t\t\t<div class=\"info-box\">\r\n\t\t\t\t\t<div class=\"info-box_icon th-icon\">\r\n\t\t\t\t\t\t\t\t\t\t\t<\/div>\r\n\t\t\t\t\t<p class=\"info-box_text\">\r\n\t\t\t\t\t\t<span class=\"info-box_label th-label\"><\/span>\r\n\t\t\t\t\t\t<a class=\"info-box_link th-content\" href=\"mailto:\"><\/a>\r\n\t\t\t\t\t<\/p>\r\n\t\t\t\t<\/div>\r\n\t\t\t<\/div>\r\n\r\n        \t\t<\/div>\n\t\t\t\t<\/div>\n\t\t\t\t<div class=\"elementor-element elementor-element-1b6b259 elementor-widget elementor-widget-google_maps\" data-id=\"1b6b259\" data-element_type=\"widget\" data-widget_type=\"google_maps.default\">\n\t\t\t\t<div class=\"elementor-widget-container\">\n\t\t\t\t\t<div class=\"elementor-custom-embed\">\n\t\t\t<iframe loading=\"lazy\"\n\t\t\t\t\tsrc=\"https:\/\/maps.google.com\/maps?q=Autorepuestos&#038;t=m&#038;z=10&#038;output=embed&#038;iwloc=near\"\n\t\t\t\t\ttitle=\"Autorepuestos\"\n\t\t\t\t\taria-label=\"Autorepuestos\"\n\t\t\t><\/iframe>\n\t\t<\/div>\n\t\t\t\t<\/div>\n\t\t\t\t<\/div>\n\t\t\t\t<\/div>\n\t\t\t\t<\/div>\n\t\t<div class=\"elementor-element elementor-element-37443c8 e-con-full e-flex e-con e-child\" data-id=\"37443c8\" data-element_type=\"container\">\n\t\t<div class=\"elementor-element elementor-element-b281097 e-con-full e-flex e-con e-child\" data-id=\"b281097\" data-element_type=\"container\">\n\t\t\t\t<div class=\"elementor-element elementor-element-dfd3179 elementor-widget__width-initial elementor-widget elementor-widget-malensectiontitle\" data-id=\"dfd3179\" data-element_type=\"widget\" data-widget_type=\"malensectiontitle.default\">\n\t\t\t\t<div class=\"elementor-widget-container\">\n\t\t\t\t\t<div class=\"title-area text-center\">\r\n\t\t\t\r\n\t\t\t<span class=\"sub-title th-sub\">Sucursal 1<\/span><h5 class=\"sec-title th-title\">Mucho Lote<\/h5><p class=\"th-desc\">Etapa 7, Segundo Redondel <br>\njunto a esquina de Ales\n\n<\/p>\t\t<\/div>\r\n\r\n\t\t\t<\/div>\n\t\t\t\t<\/div>\n\t\t\t\t<div class=\"elementor-element elementor-element-073e4d4 elementor-widget elementor-widget-malencontactinfo\" data-id=\"073e4d4\" data-element_type=\"widget\" data-widget_type=\"malencontactinfo.default\">\n\t\t\t\t<div class=\"elementor-widget-container\">\n\t\t\t        \t\t\t<div class=\"th-widget-contact style2\">\r\n\t\t\t\t<div class=\"info-box\">\r\n\t\t\t\t\t<div class=\"info-box_icon th-icon\">\r\n\t\t\t\t\t\t<i class=\"fa-light fa-clock\"><\/i>\t\t\t\t\t<\/div>\r\n\t\t\t\t\t<p class=\"info-box_text\">\r\n\t\t\t\t\t\t<span class=\"info-box_label th-label\">Horario de Atenci\u00f3n<\/span>\r\n\t\t\t\t\t\t<span class=\"th-content\">\r\n\t\t\t\t\t\t\tLun-Vie 09:AM-05:PM &lt;br&gt;\nSab-09:AM-02:PM\t\t\t\t\t\t<\/span>\r\n\t\t\t\t\t<\/p>\r\n\t\t\t\t<\/div>\r\n\t\t\t\t<div class=\"info-box\">\r\n\t\t\t\t\t<div class=\"info-box_icon th-icon\">\r\n\t\t\t\t\t\t<i class=\"fa-sharp fa-light fa-phone\"><\/i>\t\t\t\t\t<\/div>\r\n\t\t\t\t\t<p class=\"info-box_text\">\r\n\t\t\t\t\t\t<span class=\"info-box_label th-label\">Tel\u00e9fonos <\/span>\r\n\t\t\t\t\t\t<a class=\"info-box_link th-content\" href=\"tel:+593968690280\">+593968690280<\/a>\r\n\t\t\t\t\t<\/p>\r\n\t\t\t\t<\/div>\r\n\t\t\t\t<div class=\"info-box\">\r\n\t\t\t\t\t<div class=\"info-box_icon th-icon\">\r\n\t\t\t\t\t\t\t\t\t\t\t<\/div>\r\n\t\t\t\t\t<p class=\"info-box_text\">\r\n\t\t\t\t\t\t<span class=\"info-box_label th-label\"><\/span>\r\n\t\t\t\t\t\t<a class=\"info-box_link th-content\" href=\"mailto:\"><\/a>\r\n\t\t\t\t\t<\/p>\r\n\t\t\t\t<\/div>\r\n\t\t\t<\/div>\r\n\r\n        \t\t<\/div>\n\t\t\t\t<\/div>\n\t\t\t\t<div class=\"elementor-element elementor-element-a657d9a elementor-widget elementor-widget-google_maps\" data-id=\"a657d9a\" data-element_type=\"widget\" data-widget_type=\"google_maps.default\">\n\t\t\t\t<div class=\"elementor-widget-container\">\n\t\t\t\t\t<div class=\"elementor-custom-embed\">\n\t\t\t<iframe loading=\"lazy\"\n\t\t\t\t\tsrc=\"https:\/\/maps.google.com\/maps?q=Autorepuestos&#038;t=m&#038;z=10&#038;output=embed&#038;iwloc=near\"\n\t\t\t\t\ttitle=\"Autorepuestos\"\n\t\t\t\t\taria-label=\"Autorepuestos\"\n\t\t\t><\/iframe>\n\t\t<\/div>\n\t\t\t\t<\/div>\n\t\t\t\t<\/div>\n\t\t\t\t<\/div>\n\t\t\t\t<\/div>\n\t\t<div class=\"elementor-element elementor-element-ffd9340 e-con-full e-flex e-con e-child\" data-id=\"ffd9340\" data-element_type=\"container\">\n\t\t<div class=\"elementor-element elementor-element-9ab5bcc e-con-full e-flex e-con e-child\" data-id=\"9ab5bcc\" data-element_type=\"container\">\n\t\t\t\t<div class=\"elementor-element elementor-element-2a5f6d6 elementor-widget elementor-widget-malensectiontitle\" data-id=\"2a5f6d6\" data-element_type=\"widget\" data-widget_type=\"malensectiontitle.default\">\n\t\t\t\t<div class=\"elementor-widget-container\">\n\t\t\t\t\t<div class=\"title-area text-center\">\r\n\t\t\t\r\n\t\t\t<span class=\"sub-title th-sub\">Sucursal 2<\/span><h5 class=\"sec-title th-title\">Orqu\u00eddeas<\/h5><p class=\"th-desc\">Av. Francisco de Orellana, <br>\nRedondel de las Orqu\u00eddeas\n\n<\/p>\t\t<\/div>\r\n\r\n\t\t\t<\/div>\n\t\t\t\t<\/div>\n\t\t\t\t<div class=\"elementor-element elementor-element-e2c5ac2 elementor-widget elementor-widget-malencontactinfo\" data-id=\"e2c5ac2\" data-element_type=\"widget\" data-widget_type=\"malencontactinfo.default\">\n\t\t\t\t<div class=\"elementor-widget-container\">\n\t\t\t        \t\t\t<div class=\"th-widget-contact style2\">\r\n\t\t\t\t<div class=\"info-box\">\r\n\t\t\t\t\t<div class=\"info-box_icon th-icon\">\r\n\t\t\t\t\t\t<i class=\"fa-light fa-clock\"><\/i>\t\t\t\t\t<\/div>\r\n\t\t\t\t\t<p class=\"info-box_text\">\r\n\t\t\t\t\t\t<span class=\"info-box_label th-label\">Horario de Atenci\u00f3n<\/span>\r\n\t\t\t\t\t\t<span class=\"th-content\">\r\n\t\t\t\t\t\t\tLun-Vie 09:AM-05:PM &lt;br&gt;\nSab-09:AM-02:PM\t\t\t\t\t\t<\/span>\r\n\t\t\t\t\t<\/p>\r\n\t\t\t\t<\/div>\r\n\t\t\t\t<div class=\"info-box\">\r\n\t\t\t\t\t<div class=\"info-box_icon th-icon\">\r\n\t\t\t\t\t\t<i class=\"fa-sharp fa-light fa-phone\"><\/i>\t\t\t\t\t<\/div>\r\n\t\t\t\t\t<p class=\"info-box_text\">\r\n\t\t\t\t\t\t<span class=\"info-box_label th-label\">Tel\u00e9fonos <\/span>\r\n\t\t\t\t\t\t<a class=\"info-box_link th-content\" href=\"tel:+593986360672\">+593 98 636 0672<\/a>\r\n\t\t\t\t\t<\/p>\r\n\t\t\t\t<\/div>\r\n\t\t\t\t<div class=\"info-box\">\r\n\t\t\t\t\t<div class=\"info-box_icon th-icon\">\r\n\t\t\t\t\t\t\t\t\t\t\t<\/div>\r\n\t\t\t\t\t<p class=\"info-box_text\">\r\n\t\t\t\t\t\t<span class=\"info-box_label th-label\"><\/span>\r\n\t\t\t\t\t\t<a class=\"info-box_link th-content\" href=\"mailto:\"><\/a>\r\n\t\t\t\t\t<\/p>\r\n\t\t\t\t<\/div>\r\n\t\t\t<\/div>\r\n\r\n        \t\t<\/div>\n\t\t\t\t<\/div>\n\t\t\t\t<div class=\"elementor-element elementor-element-745ef2c elementor-widget elementor-widget-google_maps\" data-id=\"745ef2c\" data-element_type=\"widget\" data-widget_type=\"google_maps.default\">\n\t\t\t\t<div class=\"elementor-widget-container\">\n\t\t\t\t\t<div class=\"elementor-custom-embed\">\n\t\t\t<iframe loading=\"lazy\"\n\t\t\t\t\tsrc=\"https:\/\/maps.google.com\/maps?q=Autorepuestos&#038;t=m&#038;z=10&#038;output=embed&#038;iwloc=near\"\n\t\t\t\t\ttitle=\"Autorepuestos\"\n\t\t\t\t\taria-label=\"Autorepuestos\"\n\t\t\t><\/iframe>\n\t\t<\/div>\n\t\t\t\t<\/div>\n\t\t\t\t<\/div>\n\t\t\t\t<\/div>\n\t\t\t\t<\/div>\n\t\t<div class=\"elementor-element elementor-element-fa60a66 e-con-full e-flex e-con e-child\" data-id=\"fa60a66\" data-element_type=\"container\">\n\t\t<div class=\"elementor-element elementor-element-972b2f7 e-con-full e-flex e-con e-child\" data-id=\"972b2f7\" data-element_type=\"container\">\n\t\t\t\t<div class=\"elementor-element elementor-element-1f17327 elementor-widget elementor-widget-malensectiontitle\" data-id=\"1f17327\" data-element_type=\"widget\" data-widget_type=\"malensectiontitle.default\">\n\t\t\t\t<div class=\"elementor-widget-container\">\n\t\t\t\t\t<div class=\"title-area text-center\">\r\n\t\t\t\r\n\t\t\t<span class=\"sub-title th-sub\">Sucursal 3<\/span><h5 class=\"sec-title th-title\">Mucho Lote<\/h5><p class=\"th-desc\">Av. Isidro Ayora y Jose Tamayo<br>\ndiagonal a Gasolinera Primax\n<\/p>\t\t<\/div>\r\n\r\n\t\t\t<\/div>\n\t\t\t\t<\/div>\n\t\t\t\t<div class=\"elementor-element elementor-element-ed8b288 elementor-widget elementor-widget-malencontactinfo\" data-id=\"ed8b288\" data-element_type=\"widget\" data-widget_type=\"malencontactinfo.default\">\n\t\t\t\t<div class=\"elementor-widget-container\">\n\t\t\t        \t\t\t<div class=\"th-widget-contact style2\">\r\n\t\t\t\t<div class=\"info-box\">\r\n\t\t\t\t\t<div class=\"info-box_icon th-icon\">\r\n\t\t\t\t\t\t<i class=\"fa-light fa-clock\"><\/i>\t\t\t\t\t<\/div>\r\n\t\t\t\t\t<p class=\"info-box_text\">\r\n\t\t\t\t\t\t<span class=\"info-box_label th-label\">Horario de Atenci\u00f3n<\/span>\r\n\t\t\t\t\t\t<span class=\"th-content\">\r\n\t\t\t\t\t\t\tLun-Vie 09:AM-05:PM &lt;br&gt;\nSab-09:AM-02:PM\t\t\t\t\t\t<\/span>\r\n\t\t\t\t\t<\/p>\r\n\t\t\t\t<\/div>\r\n\t\t\t\t<div class=\"info-box\">\r\n\t\t\t\t\t<div class=\"info-box_icon th-icon\">\r\n\t\t\t\t\t\t<i class=\"fa-sharp fa-light fa-phone\"><\/i>\t\t\t\t\t<\/div>\r\n\t\t\t\t\t<p class=\"info-box_text\">\r\n\t\t\t\t\t\t<span class=\"info-box_label th-label\">Tel\u00e9fonos <\/span>\r\n\t\t\t\t\t\t<a class=\"info-box_link th-content\" href=\"tel:+593990779020\">+593990779020<\/a>\r\n\t\t\t\t\t<\/p>\r\n\t\t\t\t<\/div>\r\n\t\t\t\t<div class=\"info-box\">\r\n\t\t\t\t\t<div class=\"info-box_icon th-icon\">\r\n\t\t\t\t\t\t\t\t\t\t\t<\/div>\r\n\t\t\t\t\t<p class=\"info-box_text\">\r\n\t\t\t\t\t\t<span class=\"info-box_label th-label\"><\/span>\r\n\t\t\t\t\t\t<a class=\"info-box_link th-content\" href=\"mailto:\"><\/a>\r\n\t\t\t\t\t<\/p>\r\n\t\t\t\t<\/div>\r\n\t\t\t<\/div>\r\n\r\n        \t\t<\/div>\n\t\t\t\t<\/div>\n\t\t\t\t<div class=\"elementor-element elementor-element-c06ba43 elementor-widget elementor-widget-google_maps\" data-id=\"c06ba43\" data-element_type=\"widget\" data-widget_type=\"google_maps.default\">\n\t\t\t\t<div class=\"elementor-widget-container\">\n\t\t\t\t\t<div class=\"elementor-custom-embed\">\n\t\t\t<iframe loading=\"lazy\"\n\t\t\t\t\tsrc=\"https:\/\/maps.google.com\/maps?q=Autorepuestos&#038;t=m&#038;z=10&#038;output=embed&#038;iwloc=near\"\n\t\t\t\t\ttitle=\"Autorepuestos\"\n\t\t\t\t\taria-label=\"Autorepuestos\"\n\t\t\t><\/iframe>\n\t\t<\/div>\n\t\t\t\t<\/div>\n\t\t\t\t<\/div>\n\t\t\t\t<\/div>\n\t\t\t\t<\/div>\n\t\t<div class=\"elementor-element elementor-element-cdddb59 e-con-full e-flex e-con e-child\" data-id=\"cdddb59\" data-element_type=\"container\">\n\t\t<div class=\"elementor-element elementor-element-3cdd67e e-con-full e-flex e-con e-child\" data-id=\"3cdd67e\" data-element_type=\"container\">\n\t\t\t\t<div class=\"elementor-element elementor-element-1e4005c elementor-widget elementor-widget-malensectiontitle\" data-id=\"1e4005c\" data-element_type=\"widget\" data-widget_type=\"malensectiontitle.default\">\n\t\t\t\t<div class=\"elementor-widget-container\">\n\t\t\t\t\t<div class=\"title-area text-center\">\r\n\t\t\t\r\n\t\t\t<span class=\"sub-title th-sub\">Sucursal 4<\/span><h5 class=\"sec-title th-title\">Entrada de la 8<\/h5><p class=\"th-desc\">Av. Principal<br>\nantes del mercado Casuarina \n\n<\/p>\t\t<\/div>\r\n\r\n\t\t\t<\/div>\n\t\t\t\t<\/div>\n\t\t\t\t<div class=\"elementor-element elementor-element-5c42416 elementor-widget elementor-widget-malencontactinfo\" data-id=\"5c42416\" data-element_type=\"widget\" data-widget_type=\"malencontactinfo.default\">\n\t\t\t\t<div class=\"elementor-widget-container\">\n\t\t\t        \t\t\t<div class=\"th-widget-contact style2\">\r\n\t\t\t\t<div class=\"info-box\">\r\n\t\t\t\t\t<div class=\"info-box_icon th-icon\">\r\n\t\t\t\t\t\t<i class=\"fa-light fa-clock\"><\/i>\t\t\t\t\t<\/div>\r\n\t\t\t\t\t<p class=\"info-box_text\">\r\n\t\t\t\t\t\t<span class=\"info-box_label th-label\">Horario de Atenci\u00f3n<\/span>\r\n\t\t\t\t\t\t<span class=\"th-content\">\r\n\t\t\t\t\t\t\tLun-Vie 09:AM-05:PM &lt;br&gt;\nSab-09:AM-02:PM\t\t\t\t\t\t<\/span>\r\n\t\t\t\t\t<\/p>\r\n\t\t\t\t<\/div>\r\n\t\t\t\t<div class=\"info-box\">\r\n\t\t\t\t\t<div class=\"info-box_icon th-icon\">\r\n\t\t\t\t\t\t<i class=\"fa-sharp fa-light fa-phone\"><\/i>\t\t\t\t\t<\/div>\r\n\t\t\t\t\t<p class=\"info-box_text\">\r\n\t\t\t\t\t\t<span class=\"info-box_label th-label\">Tel\u00e9fonos <\/span>\r\n\t\t\t\t\t\t<a class=\"info-box_link th-content\" href=\"tel:+593997193029\">+593997193029<\/a>\r\n\t\t\t\t\t<\/p>\r\n\t\t\t\t<\/div>\r\n\t\t\t\t<div class=\"info-box\">\r\n\t\t\t\t\t<div class=\"info-box_icon th-icon\">\r\n\t\t\t\t\t\t\t\t\t\t\t<\/div>\r\n\t\t\t\t\t<p class=\"info-box_text\">\r\n\t\t\t\t\t\t<span class=\"info-box_label th-label\"><\/span>\r\n\t\t\t\t\t\t<a class=\"info-box_link th-content\" href=\"mailto:\"><\/a>\r\n\t\t\t\t\t<\/p>\r\n\t\t\t\t<\/div>\r\n\t\t\t<\/div>\r\n\r\n        \t\t<\/div>\n\t\t\t\t<\/div>\n\t\t\t\t<div class=\"elementor-element elementor-element-2a1eac1 elementor-widget elementor-widget-google_maps\" data-id=\"2a1eac1\" data-element_type=\"widget\" data-widget_type=\"google_maps.default\">\n\t\t\t\t<div class=\"elementor-widget-container\">\n\t\t\t\t\t<div class=\"elementor-custom-embed\">\n\t\t\t<iframe loading=\"lazy\"\n\t\t\t\t\tsrc=\"https:\/\/maps.google.com\/maps?q=Autorepuestos&#038;t=m&#038;z=10&#038;output=embed&#038;iwloc=near\"\n\t\t\t\t\ttitle=\"Autorepuestos\"\n\t\t\t\t\taria-label=\"Autorepuestos\"\n\t\t\t><\/iframe>\n\t\t<\/div>\n\t\t\t\t<\/div>\n\t\t\t\t<\/div>\n\t\t\t\t<\/div>\n\t\t\t\t<\/div>\n\t\t<div class=\"elementor-element elementor-element-ba97d71 e-con-full e-flex e-con e-child\" data-id=\"ba97d71\" data-element_type=\"container\">\n\t\t<div class=\"elementor-element elementor-element-4171b4e e-con-full e-flex e-con e-child\" data-id=\"4171b4e\" data-element_type=\"container\">\n\t\t\t\t<div class=\"elementor-element elementor-element-286c148 elementor-widget elementor-widget-malensectiontitle\" data-id=\"286c148\" data-element_type=\"widget\" data-widget_type=\"malensectiontitle.default\">\n\t\t\t\t<div class=\"elementor-widget-container\">\n\t\t\t\t\t<div class=\"title-area text-center\">\r\n\t\t\t\r\n\t\t\t<span class=\"sub-title th-sub\">Tecnicentro 5<\/span><h5 class=\"sec-title th-title\">Taller Mucho Lote<\/h5><p class=\"th-desc\">Etapa 7, Segundo Redondel <br>\njunto a esquina de Ales\n\n<\/p>\t\t<\/div>\r\n\r\n\t\t\t<\/div>\n\t\t\t\t<\/div>\n\t\t\t\t<div class=\"elementor-element elementor-element-48ebf8c elementor-widget elementor-widget-malencontactinfo\" data-id=\"48ebf8c\" data-element_type=\"widget\" data-widget_type=\"malencontactinfo.default\">\n\t\t\t\t<div class=\"elementor-widget-container\">\n\t\t\t        \t\t\t<div class=\"th-widget-contact style2\">\r\n\t\t\t\t<div class=\"info-box\">\r\n\t\t\t\t\t<div class=\"info-box_icon th-icon\">\r\n\t\t\t\t\t\t<i class=\"fa-light fa-clock\"><\/i>\t\t\t\t\t<\/div>\r\n\t\t\t\t\t<p class=\"info-box_text\">\r\n\t\t\t\t\t\t<span class=\"info-box_label th-label\">Horario de Atenci\u00f3n<\/span>\r\n\t\t\t\t\t\t<span class=\"th-content\">\r\n\t\t\t\t\t\t\tLun-Vie 09:AM-05:PM &lt;br&gt;\nSab-09:AM-02:PM\t\t\t\t\t\t<\/span>\r\n\t\t\t\t\t<\/p>\r\n\t\t\t\t<\/div>\r\n\t\t\t\t<div class=\"info-box\">\r\n\t\t\t\t\t<div class=\"info-box_icon th-icon\">\r\n\t\t\t\t\t\t<i class=\"fa-sharp fa-light fa-phone\"><\/i>\t\t\t\t\t<\/div>\r\n\t\t\t\t\t<p class=\"info-box_text\">\r\n\t\t\t\t\t\t<span class=\"info-box_label th-label\">Tel\u00e9fonos <\/span>\r\n\t\t\t\t\t\t<a class=\"info-box_link th-content\" href=\"tel:+593967242792\">+593967242792<\/a>\r\n\t\t\t\t\t<\/p>\r\n\t\t\t\t<\/div>\r\n\t\t\t\t<div class=\"info-box\">\r\n\t\t\t\t\t<div class=\"info-box_icon th-icon\">\r\n\t\t\t\t\t\t\t\t\t\t\t<\/div>\r\n\t\t\t\t\t<p class=\"info-box_text\">\r\n\t\t\t\t\t\t<span class=\"info-box_label th-label\"><\/span>\r\n\t\t\t\t\t\t<a class=\"info-box_link th-content\" href=\"mailto:\"><\/a>\r\n\t\t\t\t\t<\/p>\r\n\t\t\t\t<\/div>\r\n\t\t\t<\/div>\r\n\r\n        \t\t<\/div>\n\t\t\t\t<\/div>\n\t\t\t\t<div class=\"elementor-element elementor-element-2595d29 elementor-widget elementor-widget-google_maps\" data-id=\"2595d29\" data-element_type=\"widget\" data-widget_type=\"google_maps.default\">\n\t\t\t\t<div class=\"elementor-widget-container\">\n\t\t\t\t\t<div class=\"elementor-custom-embed\">\n\t\t\t<iframe loading=\"lazy\"\n\t\t\t\t\tsrc=\"https:\/\/maps.google.com\/maps?q=Autorepuestos&#038;t=m&#038;z=10&#038;output=embed&#038;iwloc=near\"\n\t\t\t\t\ttitle=\"Autorepuestos\"\n\t\t\t\t\taria-label=\"Autorepuestos\"\n\t\t\t><\/iframe>\n\t\t<\/div>\n\t\t\t\t<\/div>\n\t\t\t\t<\/div>\n\t\t\t\t<\/div>\n\t\t\t\t<\/div>\n\t\t\t\t\t<\/div>\n\t\t\t\t<\/div>\n\t\t\t\t<section class=\"elementor-section elementor-top-section elementor-element elementor-element-c2a27a0 elementor-reverse-tablet elementor-reverse-mobile elementor-section-boxed elementor-section-height-default elementor-section-height-default\" data-id=\"c2a27a0\" data-element_type=\"section\" data-settings=\"{&quot;background_background&quot;:&quot;classic&quot;}\">\n\t\t\t\t\t\t<div class=\"elementor-container elementor-column-gap-no\">\n\t\t\t\t\t<div class=\"elementor-column elementor-col-50 elementor-top-column elementor-element elementor-element-83ae8ae\" data-id=\"83ae8ae\" data-element_type=\"column\">\n\t\t\t<div class=\"elementor-widget-wrap elementor-element-populated\">\n\t\t\t\t\t\t<div class=\"elementor-element elementor-element-e64ba17 elementor-widget elementor-widget-malensectiontitle\" data-id=\"e64ba17\" data-element_type=\"widget\" data-widget_type=\"malensectiontitle.default\">\n\t\t\t\t<div class=\"elementor-widget-container\">\n\t\t\t\t\t<div class=\"title-area text-left\">\r\n\t\t\t\r\n\t\t\t<span class=\"sub-title th-sub\">Cont\u00e1ctanos<\/span><h2 class=\"sec-title th-title\">Necesitas atenci\u00f3n personalizada, d\u00e9janos un mensaje<\/h2><p class=\"th-desc\">Es un gusto para el personal de  Autorepuestos Pincay atender cualquier requerimiento.\n<\/p>\t\t<\/div>\r\n\r\n\t\t\t<\/div>\n\t\t\t\t<\/div>\n\t\t\t\t\t<\/div>\n\t\t<\/div>\n\t\t\t\t<div class=\"elementor-column elementor-col-50 elementor-top-column elementor-element elementor-element-ecd7c1e\" data-id=\"ecd7c1e\" data-element_type=\"column\">\n\t\t\t<div class=\"elementor-widget-wrap elementor-element-populated\">\n\t\t\t\t\t\t<div class=\"elementor-element elementor-element-22b47a1 elementor-widget elementor-widget-malencontactform\" data-id=\"22b47a1\" data-element_type=\"widget\" data-widget_type=\"malencontactform.default\">\n\t\t\t\t<div class=\"elementor-widget-container\">\n\t\t\t\t\t\t\t\t<div class=\"contact-form-wrapper th-bg\">\r\n\t\t\t\t<div class=\"contact-form ajax-contact\">\r\n\t\t\t\t\t\t\t\t\t\t\t<h2 class=\"form-title th-title\">Enviar Mensaje<\/h2>\r\n\t\t\t\t\t\t\t\t\t\t\n<div class=\"wpcf7 no-js\" id=\"wpcf7-f1348-o1\" lang=\"en-US\" dir=\"ltr\" data-wpcf7-id=\"1348\">\n<div class=\"screen-reader-response\"><p role=\"status\" aria-live=\"polite\" aria-atomic=\"true\"><\/p> <ul><\/ul><\/div>\n<form action=\"\/index.php\/wp-json\/wp\/v2\/pages\/28#wpcf7-f1348-o1\" method=\"post\" class=\"wpcf7-form init\" aria-label=\"Contact form\" novalidate=\"novalidate\" data-status=\"init\">\n<div style=\"display: none;\">\n<input type=\"hidden\" name=\"_wpcf7\" value=\"1348\" \/>\n<input type=\"hidden\" name=\"_wpcf7_version\" value=\"6.0.1\" \/>\n<input type=\"hidden\" name=\"_wpcf7_locale\" value=\"en_US\" \/>\n<input type=\"hidden\" name=\"_wpcf7_unit_tag\" value=\"wpcf7-f1348-o1\" \/>\n<input type=\"hidden\" name=\"_wpcf7_container_post\" value=\"0\" \/>\n<input type=\"hidden\" name=\"_wpcf7_posted_data_hash\" value=\"\" \/>\n<\/div>\n<div class=\"row\">\n\t<div class=\"form-group col-md-6\">\n<i class=\"fa-sharp fa-light fa-user\"><\/i>\n<span class=\"wpcf7-form-control-wrap\" data-name=\"name124\"><input size=\"40\" maxlength=\"400\" class=\"wpcf7-form-control wpcf7-text form-control\" id=\"name124\" aria-invalid=\"false\" placeholder=\"Name\" value=\"\" type=\"text\" name=\"name124\" \/><\/span>\n\t<\/div>\n\t<div class=\"form-group col-md-6\">\n<i class=\"fa-sharp fa-regular fa-envelope\"><\/i>\n<span class=\"wpcf7-form-control-wrap\" data-name=\"email132\"><input size=\"40\" maxlength=\"400\" class=\"wpcf7-form-control wpcf7-email wpcf7-text wpcf7-validates-as-email form-control\" id=\"email132\" aria-invalid=\"false\" placeholder=\"Email Address\" value=\"\" type=\"email\" name=\"email132\" \/><\/span>\n\t<\/div>\n\t<div class=\"form-group col-12\">\n<i class=\"fa-regular fa-tag\"><\/i>\n<span class=\"wpcf7-form-control-wrap\" data-name=\"menu-272\"><select class=\"wpcf7-form-control wpcf7-select form-select nice-select\" id=\"menu-272\" aria-invalid=\"false\" name=\"menu-272\"><option value=\"Select\">Select<\/option><option value=\"Electrical System\">Electrical System<\/option><option value=\"Auto Car Repair\">Auto Car Repair<\/option><option value=\"Engine Diagnostics\">Engine Diagnostics<\/option><option value=\"Car &amp; Engine Clean\">Car &amp; Engine Clean<\/option><\/select><\/span>\n\t<\/div>\n\t<div class=\"form-group col-12\">\n<i class=\"fal fa-comment\"><\/i>\n<span class=\"wpcf7-form-control-wrap\" data-name=\"textarea-362\"><textarea cols=\"40\" rows=\"10\" maxlength=\"2000\" class=\"wpcf7-form-control wpcf7-textarea form-control\" aria-invalid=\"false\" placeholder=\"Massage\" name=\"textarea-362\"><\/textarea><\/span>\n\t<\/div>\n\t<div class=\"btn-group\">\n\t\t<a href=\"#\" class=\"th-btn wpcf7 th_btn\">SUBMIT MESSAGE <i class=\"fa-solid fa-arrow-right ms-2\"><\/i><\/a>\n\t<\/div>\n<\/div>\n<p class=\"form-messages mb-0 mt-3\"><\/p><div class=\"wpcf7-response-output\" aria-hidden=\"true\"><\/div>\n<\/form>\n<\/div>\n\t\t\t\t<\/div>\r\n\t\t\t<\/div>\r\n\r\n\t\t\t\t<\/div>\n\t\t\t\t<\/div>\n\t\t\t\t\t<\/div>\n\t\t<\/div>\n\t\t\t\t\t<\/div>\n\t\t<\/section>\n\t\t\t\t<\/div>\n\t\t","protected":false},"excerpt":{"rendered":"<p>estamos siempre cerca de ti Conoce nuestras sucursales, Es un gusto para el personal de Autorepuestos Pincay atender cualquier requerimiento. Matriz Basti\u00f3n Popular Basti\u00f3n Popular Bloque 2 Junto a Gasolinera PDV Horario de Atenci\u00f3n Lun-Vie 09:AM-05:PM &lt;br&gt; Sab-09:AM-02:PM Tel\u00e9fonos +593939908629 Sucursal 1 Mucho Lote Etapa 7, Segundo Redondel junto a esquina de Ales Horario de&#8230;<\/p>\n","protected":false},"author":1,"featured_media":0,"parent":0,"menu_order":0,"comment_status":"closed","ping_status":"closed","template":"template-builder.php","meta":{"footnotes":""},"class_list":["post-28","page","type-page","status-publish","hentry"],"_links":{"self":[{"href":"https:\/\/comercialpincay.com\/index.php\/wp-json\/wp\/v2\/pages\/28","targetHints":{"allow":["GET"]}}],"collection":[{"href":"https:\/\/comercialpincay.com\/index.php\/wp-json\/wp\/v2\/pages"}],"about":[{"href":"https:\/\/comercialpincay.com\/index.php\/wp-json\/wp\/v2\/types\/page"}],"author":[{"embeddable":true,"href":"https:\/\/comercialpincay.com\/index.php\/wp-json\/wp\/v2\/users\/1"}],"replies":[{"embeddable":true,"href":"https:\/\/comercialpincay.com\/index.php\/wp-json\/wp\/v2\/comments?post=28"}],"version-history":[{"count":14,"href":"https:\/\/comercialpincay.com\/index.php\/wp-json\/wp\/v2\/pages\/28\/revisions"}],"predecessor-version":[{"id":2028,"href":"https:\/\/comercialpincay.com\/index.php\/wp-json\/wp\/v2\/pages\/28\/revisions\/2028"}],"wp:attachment":[{"href":"https:\/\/comercialpincay.com\/index.php\/wp-json\/wp\/v2\/media?parent=28"}],"curies":[{"name":"wp","href":"https:\/\/api.w.org\/{rel}","templated":true}]}}